{"id":11,"date":"2024-11-10T23:47:44","date_gmt":"2024-11-10T23:47:44","guid":{"rendered":"http:\/\/velanova-energy.com\/projects\/"},"modified":"2025-02-01T19:44:23","modified_gmt":"2025-02-01T19:44:23","slug":"case-studies","status":"publish","type":"page","link":"https:\/\/velanova-energy.com\/es\/case-studies\/","title":{"rendered":"Casos de Estudio"},"content":{"rendered":"<div class=\"wp-block-uagb-container uagb-block-c3c03179 alignfull uagb-is-root-container\"><div class=\"uagb-container-inner-blocks-wrap\">\n<div class=\"wp-block-uagb-advanced-heading uagb-block-4f24c44c\"><h1 class=\"uagb-heading-text\">Casos de Estudio<\/h1><\/div>\n<\/div><\/div>\n\n\n\n<div class=\"wp-block-uagb-container uagb-layout-grid uagb-block-9bf7b24c alignfull uagb-is-root-container\"><div class=\"uagb-container-inner-blocks-wrap\">\n<div class=\"wp-block-uagb-container uagb-block-789fc97c\">\n<div class=\"wp-block-uagb-info-box uagb-block-36efc458 uagb-infobox__content-wrap  uagb-infobox-icon-above-title uagb-infobox-image-valign-top\"><div class=\"uagb-ifb-content\"><div class=\"uagb-ifb-image-content\"><img decoding=\"async\" src=\"http:\/\/velanova-energy.com\/wp-content\/uploads\/2024\/11\/case-studies-1.jpg\" alt=\"\" width=\"\" height=\"0\" loading=\"lazy\"\/><\/div><div class=\"uagb-ifb-title-wrap\"><h4 class=\"uagb-ifb-title\">COMPLEJO DE APARTAMENTOS Y DE GESTI\u00d3N DE LA PROPIEDAD<\/h4><\/div><p class=\"uagb-ifb-desc\">Reto: Las cuentas de Shinda han estado en un contrato con un proveedor de terceros, pero un administrador de cuenta  de Diversegy ha descubierto despu\u00e9s de un an\u00e1lisis inicial, que las cuentas de Shinda hab\u00edan cancelado un acuerdo de tasa fija vencido...<\/p><div class=\"uagb-ifb-button-wrapper wp-block-button\"><a href=\"http:\/\/velanova-energy.com\/wp-content\/uploads\/2024\/11\/apartment_building_case_study_9617.pdf\" class=\"uagb-infobox-cta-link wp-block-button__link\" target=\"_self\" rel=\"noopener noreferrer\" onclick=\"return true;\"><span class=\"uagb-inline-editing\">Leer M\u00e1s<\/span><svg xmlns=\"https:\/\/www.w3.org\/2000\/svg\" viewbox=\"0 0 512 512\"><path d=\"M504.3 273.6l-112.1 104c-6.992 6.484-17.18 8.218-25.94 4.406c-8.758-3.812-14.42-12.45-14.42-21.1L351.9 288H32C14.33 288 .0002 273.7 .0002 255.1S14.33 224 32 224h319.9l0-72c0-9.547 5.66-18.19 14.42-22c8.754-3.809 18.95-2.075 25.94 4.41l112.1 104C514.6 247.9 514.6 264.1 504.3 273.6z\"><\/path><\/svg><\/a><\/div><\/div><\/div>\n\n\n\n<div class=\"wp-block-uagb-advanced-heading uagb-block-d0b6ec54 uag-hide-desktop uag-hide-tab uag-hide-mob\"><h4 class=\"uagb-heading-text\">Luctus nec ullamcorper mattis, pulvinar dapibus leo. Proin gravida nibh vel velit auctor aliquet<\/h4><\/div>\n<\/div>\n\n\n\n<div class=\"wp-block-uagb-container uagb-block-f151f48b\">\n<div class=\"wp-block-uagb-info-box uagb-block-c2f0d95d uagb-infobox__content-wrap  uagb-infobox-icon-above-title uagb-infobox-image-valign-top\"><div class=\"uagb-ifb-content\"><div class=\"uagb-ifb-image-content\"><img decoding=\"async\" src=\"http:\/\/velanova-energy.com\/wp-content\/uploads\/2024\/12\/case-studies-blood-center.jpg\" alt=\"\" width=\"\" height=\"0\" loading=\"lazy\"\/><\/div><div class=\"uagb-ifb-title-wrap\"><h4 class=\"uagb-ifb-title\">BANCO DE SANGRE<\/h4><\/div><p class=\"uagb-ifb-desc\">Reto: Uno de los m\u00e1s grandes del mundo de los coleccionistas de la sangre humana, bancos de sangre, Blood Plasma Center, en colaboraci\u00f3n con Diversegy para ayudar a consolidar y reducir sus costos de energ\u00eda, y para identificar formas de reducir su huella de carbono siendo ecol\u00f3gicamente responsable, ya que es uno de los aspectos que m\u00e1s se toman en cuenta actualmente... <\/p><div class=\"uagb-ifb-button-wrapper wp-block-button\"><a href=\"http:\/\/velanova-energy.com\/wp-content\/uploads\/2024\/12\/Blood-plasma-center-case-study.pdf\" class=\"uagb-infobox-cta-link wp-block-button__link\" target=\"_self\" rel=\"noopener noreferrer\" onclick=\"return true;\"><span class=\"uagb-inline-editing\">Leer M\u00e1s<\/span><svg xmlns=\"https:\/\/www.w3.org\/2000\/svg\" viewbox=\"0 0 512 512\"><path d=\"M504.3 273.6l-112.1 104c-6.992 6.484-17.18 8.218-25.94 4.406c-8.758-3.812-14.42-12.45-14.42-21.1L351.9 288H32C14.33 288 .0002 273.7 .0002 255.1S14.33 224 32 224h319.9l0-72c0-9.547 5.66-18.19 14.42-22c8.754-3.809 18.95-2.075 25.94 4.41l112.1 104C514.6 247.9 514.6 264.1 504.3 273.6z\"><\/path><\/svg><\/a><\/div><\/div><\/div>\n\n\n\n<div class=\"wp-block-uagb-advanced-heading uagb-block-127a77ab uag-hide-desktop uag-hide-tab uag-hide-mob\"><h4 class=\"uagb-heading-text\">Luctus nec ullamcorper mattis, pulvinar dapibus leo. Proin gravida nibh vel velit auctor aliquet<\/h4><\/div>\n<\/div>\n\n\n\n<div class=\"wp-block-uagb-container uagb-block-6ddab2f9\">\n<div class=\"wp-block-uagb-info-box uagb-block-8510352b uagb-infobox__content-wrap  uagb-infobox-icon-above-title uagb-infobox-image-valign-top\"><div class=\"uagb-ifb-content\"><div class=\"uagb-ifb-image-content\"><img decoding=\"async\" src=\"http:\/\/velanova-energy.com\/wp-content\/uploads\/2024\/12\/case-studies-enterprises.jpg\" alt=\"\" width=\"\" height=\"0\" loading=\"lazy\"\/><\/div><div class=\"uagb-ifb-title-wrap\"><h4 class=\"uagb-ifb-title\">EMPRESAS BOWEN<\/h4><\/div><p class=\"uagb-ifb-desc\">Desaf\u00edo: La empresa necesitaba una alternativa a su proveedor de energ\u00eda actual y una forma de congelar los gastos en constante aumento en su cartera de 15 ubicaciones y 27 cuentas individuales, incluidas las de medidores de demanda comercial... <\/p><div class=\"uagb-ifb-button-wrapper wp-block-button\"><a href=\"http:\/\/velanova-energy.com\/wp-content\/uploads\/2024\/12\/bowen-enterprises-case-study.pdf\" class=\"uagb-infobox-cta-link wp-block-button__link\" target=\"_self\" rel=\"noopener noreferrer\" onclick=\"return true;\"><span class=\"uagb-inline-editing\">Leer M\u00e1s<\/span><svg xmlns=\"https:\/\/www.w3.org\/2000\/svg\" viewbox=\"0 0 512 512\"><path d=\"M504.3 273.6l-112.1 104c-6.992 6.484-17.18 8.218-25.94 4.406c-8.758-3.812-14.42-12.45-14.42-21.1L351.9 288H32C14.33 288 .0002 273.7 .0002 255.1S14.33 224 32 224h319.9l0-72c0-9.547 5.66-18.19 14.42-22c8.754-3.809 18.95-2.075 25.94 4.41l112.1 104C514.6 247.9 514.6 264.1 504.3 273.6z\"><\/path><\/svg><\/a><\/div><\/div><\/div>\n\n\n\n<div class=\"wp-block-uagb-advanced-heading uagb-block-7908d7e7 uag-hide-desktop uag-hide-tab uag-hide-mob\"><h4 class=\"uagb-heading-text\">Luctus nec ullamcorper mattis, pulvinar dapibus leo. Proin gravida nibh vel velit auctor aliquet<\/h4><\/div>\n<\/div>\n\n\n\n<div class=\"wp-block-uagb-container uagb-block-4dd4bf8c\">\n<div class=\"wp-block-uagb-info-box uagb-block-5898d140 uagb-infobox__content-wrap  uagb-infobox-icon-above-title uagb-infobox-image-valign-top\"><div class=\"uagb-ifb-content\"><div class=\"uagb-ifb-image-content\"><img decoding=\"async\" src=\"http:\/\/velanova-energy.com\/wp-content\/uploads\/2024\/12\/case-studies-bank.jpg\" alt=\"\" width=\"\" height=\"0\" loading=\"lazy\"\/><\/div><div class=\"uagb-ifb-title-wrap\"><h4 class=\"uagb-ifb-title\">BANCO LARGE (ROCKLAND, NUEVA YORK)<\/h4><\/div><p class=\"uagb-ifb-desc\">Reto: Al tener una oportunidad de crecimiento, la empresa se dio cuenta de que necesitaba eliminar las ineficiencias, y la factura de servicios p\u00fablicos era uno de los mayores gastos incurridos...<br><\/p><div class=\"uagb-ifb-separator\"><\/div><div class=\"uagb-ifb-button-wrapper wp-block-button\"><a href=\"http:\/\/velanova-energy.com\/wp-content\/uploads\/2024\/12\/case-study-bank.pdf\" class=\"uagb-infobox-cta-link wp-block-button__link\" target=\"_self\" rel=\"noopener noreferrer\" onclick=\"return true;\"><span class=\"uagb-inline-editing\">Leer M\u00e1s<\/span><svg xmlns=\"https:\/\/www.w3.org\/2000\/svg\" viewbox=\"0 0 512 512\"><path d=\"M504.3 273.6l-112.1 104c-6.992 6.484-17.18 8.218-25.94 4.406c-8.758-3.812-14.42-12.45-14.42-21.1L351.9 288H32C14.33 288 .0002 273.7 .0002 255.1S14.33 224 32 224h319.9l0-72c0-9.547 5.66-18.19 14.42-22c8.754-3.809 18.95-2.075 25.94 4.41l112.1 104C514.6 247.9 514.6 264.1 504.3 273.6z\"><\/path><\/svg><\/a><\/div><\/div><\/div>\n\n\n\n<div class=\"wp-block-uagb-advanced-heading uagb-block-c1fbe7f7 uag-hide-desktop uag-hide-tab uag-hide-mob\"><h4 class=\"uagb-heading-text\">Luctus nec ullamcorper mattis, pulvinar dapibus leo. Proin gravida nibh vel velit auctor aliquet<\/h4><\/div>\n<\/div>\n\n\n\n<div class=\"wp-block-uagb-container uagb-block-15c0abf9\">\n<div class=\"wp-block-uagb-info-box uagb-block-924ceb18 uagb-infobox__content-wrap  uagb-infobox-icon-above-title uagb-infobox-image-valign-top\"><div class=\"uagb-ifb-content\"><div class=\"uagb-ifb-image-content\"><img decoding=\"async\" src=\"http:\/\/velanova-energy.com\/wp-content\/uploads\/2024\/12\/case-studies-construction-contract.jpg\" alt=\"\" width=\"\" height=\"0\" loading=\"lazy\"\/><\/div><div class=\"uagb-ifb-title-wrap\"><h4 class=\"uagb-ifb-title\">FORT MYER, CONTRATO DE CONSTRUCCI\u00d3N PARA REMODELACI\u00d3N<\/h4><\/div><p class=\"uagb-ifb-desc\">Reto: Fort Myer Construction, cliente de Diversegy desde 2012, ahorr\u00f3 un 21 % en gas natural, pero enfrent\u00f3 un aumento en el 2015, un incremento significativo en los costos futuros...<\/p><div class=\"uagb-ifb-separator\"><\/div><div class=\"uagb-ifb-button-wrapper wp-block-button\"><a href=\"http:\/\/velanova-energy.com\/wp-content\/uploads\/2024\/12\/case-study-fort-myer-construction-company.pdf\" class=\"uagb-infobox-cta-link wp-block-button__link\" target=\"_self\" rel=\"noopener noreferrer\" onclick=\"return true;\"><span class=\"uagb-inline-editing\">Leer M\u00e1s<\/span><svg xmlns=\"https:\/\/www.w3.org\/2000\/svg\" viewbox=\"0 0 512 512\"><path d=\"M504.3 273.6l-112.1 104c-6.992 6.484-17.18 8.218-25.94 4.406c-8.758-3.812-14.42-12.45-14.42-21.1L351.9 288H32C14.33 288 .0002 273.7 .0002 255.1S14.33 224 32 224h319.9l0-72c0-9.547 5.66-18.19 14.42-22c8.754-3.809 18.95-2.075 25.94 4.41l112.1 104C514.6 247.9 514.6 264.1 504.3 273.6z\"><\/path><\/svg><\/a><\/div><\/div><\/div>\n\n\n\n<div class=\"wp-block-uagb-advanced-heading uagb-block-b937d850 uag-hide-desktop uag-hide-tab uag-hide-mob\"><h4 class=\"uagb-heading-text\">Luctus nec ullamcorper mattis, pulvinar dapibus leo. Proin gravida nibh vel velit auctor aliquet<\/h4><\/div>\n<\/div>\n\n\n\n<div class=\"wp-block-uagb-container uagb-block-712e1b3a\">\n<div class=\"wp-block-uagb-info-box uagb-block-923957b8 uagb-infobox__content-wrap  uagb-infobox-icon-above-title uagb-infobox-image-valign-top\"><div class=\"uagb-ifb-content\"><div class=\"uagb-ifb-image-content\"><img decoding=\"async\" src=\"http:\/\/velanova-energy.com\/wp-content\/uploads\/2024\/11\/case-studies-restourant-medium.jpg\" alt=\"\" width=\"\" height=\"0\" loading=\"lazy\"\/><\/div><div class=\"uagb-ifb-title-wrap\"><h4 class=\"uagb-ifb-title\">CADENA DE RESTAURANTES CON ENTRETENIMIENTO PARA TODA LA FAMILIA<\/h4><\/div><p class=\"uagb-ifb-desc\">Reto: Una de las cadenas de entretenimiento familiar y restaurantes m\u00e1s grandes del pa\u00eds, con varios cientos de ubicaciones a nivel nacional, recurri\u00f3 a Diversegy para ayudar a gestionar sus gastos de energ\u00eda... <\/p><div class=\"uagb-ifb-button-wrapper wp-block-button\"><a href=\"http:\/\/velanova-energy.com\/wp-content\/uploads\/2024\/12\/case-study-family-restaurant.pdf\" class=\"uagb-infobox-cta-link wp-block-button__link\" target=\"_self\" rel=\"noopener noreferrer\" onclick=\"return true;\"><span class=\"uagb-inline-editing\">Leer M\u00e1s<\/span><svg xmlns=\"https:\/\/www.w3.org\/2000\/svg\" viewbox=\"0 0 512 512\"><path d=\"M504.3 273.6l-112.1 104c-6.992 6.484-17.18 8.218-25.94 4.406c-8.758-3.812-14.42-12.45-14.42-21.1L351.9 288H32C14.33 288 .0002 273.7 .0002 255.1S14.33 224 32 224h319.9l0-72c0-9.547 5.66-18.19 14.42-22c8.754-3.809 18.95-2.075 25.94 4.41l112.1 104C514.6 247.9 514.6 264.1 504.3 273.6z\"><\/path><\/svg><\/a><\/div><\/div><\/div>\n\n\n\n<div class=\"wp-block-uagb-advanced-heading uagb-block-9ebd7e77 uag-hide-desktop uag-hide-tab uag-hide-mob\"><h4 class=\"uagb-heading-text\">Luctus nec ullamcorper mattis, pulvinar dapibus leo. Proin gravida nibh vel velit auctor aliquet<\/h4><\/div>\n<\/div>\n\n\n\n<div class=\"wp-block-uagb-container uagb-block-0b50a122\">\n<div class=\"wp-block-uagb-info-box uagb-block-3af7f961 uagb-infobox__content-wrap  uagb-infobox-icon-above-title uagb-infobox-image-valign-top\"><div class=\"uagb-ifb-content\"><div class=\"uagb-ifb-image-content\"><img decoding=\"async\" src=\"http:\/\/velanova-energy.com\/wp-content\/uploads\/2024\/12\/case-studies-hotel.jpg\" alt=\"\" width=\"\" height=\"0\" loading=\"lazy\"\/><\/div><div class=\"uagb-ifb-title-wrap\"><h4 class=\"uagb-ifb-title\">HOTELES, CENTROS TUR\u00cdSTICOS Y EMPRESAS DE HOSPITALIDAD<\/h4><\/div><p class=\"uagb-ifb-desc\">Reto: Los hoteles, resorts y proveedores de servicios de hospitalidad necesitan mantener las luces encendidas, el aire acondicionado y la calefacci\u00f3n en funcionamiento, as\u00ed como las cocinas operativas...<br>En la electricidad y el gas natural los costos se acumulan en el a\u00f1o... <\/p><div class=\"uagb-ifb-button-wrapper wp-block-button\"><a href=\"http:\/\/velanova-energy.com\/wp-content\/uploads\/2024\/12\/case-study-hotel.pdf\" class=\"uagb-infobox-cta-link wp-block-button__link\" target=\"_self\" rel=\"noopener noreferrer\" onclick=\"return true;\"><span class=\"uagb-inline-editing\">Leer M\u00e1s<\/span><svg xmlns=\"https:\/\/www.w3.org\/2000\/svg\" viewbox=\"0 0 512 512\"><path d=\"M504.3 273.6l-112.1 104c-6.992 6.484-17.18 8.218-25.94 4.406c-8.758-3.812-14.42-12.45-14.42-21.1L351.9 288H32C14.33 288 .0002 273.7 .0002 255.1S14.33 224 32 224h319.9l0-72c0-9.547 5.66-18.19 14.42-22c8.754-3.809 18.95-2.075 25.94 4.41l112.1 104C514.6 247.9 514.6 264.1 504.3 273.6z\"><\/path><\/svg><\/a><\/div><\/div><\/div>\n\n\n\n<div class=\"wp-block-uagb-advanced-heading uagb-block-58b0282b uag-hide-desktop uag-hide-tab uag-hide-mob\"><h4 class=\"uagb-heading-text\">Luctus nec ullamcorper mattis, pulvinar dapibus leo. Proin gravida nibh vel velit auctor aliquet<\/h4><\/div>\n<\/div>\n\n\n\n<div class=\"wp-block-uagb-container uagb-block-9a2ba511\">\n<div class=\"wp-block-uagb-info-box uagb-block-b46bedcd uagb-infobox__content-wrap  uagb-infobox-icon-above-title uagb-infobox-image-valign-top\"><div class=\"uagb-ifb-content\"><div class=\"uagb-ifb-image-content\"><img decoding=\"async\" src=\"http:\/\/velanova-energy.com\/wp-content\/uploads\/2024\/12\/case-studies-commercial-office.jpg\" alt=\"\" width=\"\" height=\"0\" loading=\"lazy\"\/><\/div><div class=\"uagb-ifb-title-wrap\"><h4 class=\"uagb-ifb-title\">PROPIEDAD DE OFICINAS COMERCIALES CLASE A<\/h4><\/div><p class=\"uagb-ifb-desc\">Un desarrollador de oficinas comerciales buscaba formas de reducir los costos de servicios p\u00fablicos por pie cuadrado en sus reci\u00e9n adquiridos edificios de oficinas. Diversegy logr\u00f3 ofrecer los siguientes resultados<\/p><div class=\"uagb-ifb-separator\"><\/div><div class=\"uagb-ifb-button-wrapper wp-block-button\"><a href=\"http:\/\/velanova-energy.com\/wp-content\/uploads\/2024\/12\/commercial-building-case-study.pdf\" class=\"uagb-infobox-cta-link wp-block-button__link\" target=\"_self\" rel=\"noopener noreferrer\" onclick=\"return true;\"><span class=\"uagb-inline-editing\">Leer M\u00e1s<\/span><svg xmlns=\"https:\/\/www.w3.org\/2000\/svg\" viewbox=\"0 0 512 512\"><path d=\"M504.3 273.6l-112.1 104c-6.992 6.484-17.18 8.218-25.94 4.406c-8.758-3.812-14.42-12.45-14.42-21.1L351.9 288H32C14.33 288 .0002 273.7 .0002 255.1S14.33 224 32 224h319.9l0-72c0-9.547 5.66-18.19 14.42-22c8.754-3.809 18.95-2.075 25.94 4.41l112.1 104C514.6 247.9 514.6 264.1 504.3 273.6z\"><\/path><\/svg><\/a><\/div><\/div><\/div>\n\n\n\n<div class=\"wp-block-uagb-advanced-heading uagb-block-2f8e9032 uag-hide-desktop uag-hide-tab uag-hide-mob\"><h4 class=\"uagb-heading-text\">Luctus nec ullamcorper mattis, pulvinar dapibus leo. Proin gravida nibh vel velit auctor aliquet<\/h4><\/div>\n<\/div>\n\n\n\n<div class=\"wp-block-uagb-container uag-hide-desktop uag-hide-tab uag-hide-mob uagb-block-e1c1a141\">\n<div class=\"wp-block-uagb-info-box uagb-block-f9264d6a uagb-infobox__content-wrap  uagb-infobox-icon-above-title uagb-infobox-image-valign-top\"><div class=\"uagb-ifb-content\"><div class=\"uagb-ifb-image-content\"><img decoding=\"async\" src=\"http:\/\/velanova-energy.com\/wp-content\/uploads\/2020\/09\/project-3.jpg\" alt=\"\" width=\"\" height=\"0\" loading=\"lazy\"\/><\/div><div class=\"uagb-ifb-title-wrap\"><h4 class=\"uagb-ifb-title\">Montado En Rodamientos De Bola Unidades<\/h4><\/div><p class=\"uagb-ifb-desc\">Haga clic en el bot\u00f3n editar para cambiar este texto. Lorem ipsum dolor sit amet, consectetur adipiscing elit. Ut elit tellus, luctus nec ullamcorper mattis, pulvinar dapibus leo. Proin gravida nibh vel velit auctor aliquet. Aenean sollicitudin, lorem quis.<\/p><\/div><\/div>\n\n\n\n<div class=\"wp-block-uagb-advanced-heading uagb-block-41b70100\"><h4 class=\"uagb-heading-text\">Luctus nec ullamcorper mattis, pulvinar dapibus leo. Proin gravida nibh vel velit auctor aliquet<\/h4><\/div>\n<\/div>\n\n\n\n<div class=\"wp-block-uagb-container uag-hide-desktop uag-hide-tab uag-hide-mob uagb-block-46846933\">\n<div class=\"wp-block-uagb-info-box uagb-block-5f4183d5 uagb-infobox__content-wrap  uagb-infobox-icon-above-title uagb-infobox-image-valign-top\"><div class=\"uagb-ifb-content\"><div class=\"uagb-ifb-image-content\"><img decoding=\"async\" src=\"http:\/\/velanova-energy.com\/wp-content\/uploads\/2020\/09\/project-4.jpg\" alt=\"\" width=\"\" height=\"0\" loading=\"lazy\"\/><\/div><div class=\"uagb-ifb-title-wrap\"><h4 class=\"uagb-ifb-title\">De Alta Calidad De Engranajes Y Transportadores<\/h4><\/div><p class=\"uagb-ifb-desc\">Haga clic en el bot\u00f3n editar para cambiar este texto. Lorem ipsum dolor sit amet, consectetur adipiscing elit. Ut elit tellus, luctus nec ullamcorper mattis, pulvinar dapibus leo. Proin gravida nibh vel velit auctor aliquet. Aenean sollicitudin, lorem quis.<\/p><\/div><\/div>\n\n\n\n<div class=\"wp-block-uagb-advanced-heading uagb-block-0a9a3ffd\"><h4 class=\"uagb-heading-text\">Luctus nec ullamcorper mattis, pulvinar dapibus leo. Proin gravida nibh vel velit auctor aliquet<\/h4><\/div>\n<\/div>\n<\/div><\/div>\n\n\n\n<div class=\"wp-block-uagb-container uagb-layout-flex uagb-block-af5df69f alignfull uagb-is-root-container\"><div class=\"uagb-container-inner-blocks-wrap\">\n<div class=\"wp-block-uagb-call-to-action uagb-block-d83192c0 wp-block-button\"><div class=\"uagb-cta__wrap\"><h3 class=\"uagb-cta__title\">Necesita Ayuda con Soluciones F\u00e1ciles en Energ\u00eda? Somos Expertos<\/h3><p class=\"uagb-cta__desc\">Haga clic aqu\u00ed para cambiar este texto. Lorem ipsum dolor sit amet, consectetur adipiscing elit. Ut elit tellus, luctus nec ullamcorper mattis, pulvinar dapibus leo.<\/p><\/div><div class=\"uagb-cta__buttons\"><a href=\"..\/contact\" class=\"uagb-cta__button-link-wrapper wp-block-button__link\" target=\"_self\" rel=\"noopener noreferrer\">Aprender M\u00e1s<\/a><\/div><\/div>\n<\/div><\/div>","protected":false},"excerpt":{"rendered":"<p>Case Studies Luctus nec ullamcorper mattis, pulvinar dapibus leo.&nbsp;Proin gravida nibh vel velit auctor aliquet\u200b Luctus nec ullamcorper mattis, pulvinar dapibus leo.&nbsp;Proin gravida nibh vel velit auctor aliquet\u200b Luctus nec ullamcorper mattis, pulvinar dapibus leo.&nbsp;Proin gravida nibh vel velit auctor aliquet\u200b Luctus nec ullamcorper mattis, pulvinar dapibus leo.&nbsp;Proin gravida nibh vel velit auctor aliquet\u200b Luctus [&hellip;]<\/p>","protected":false},"author":1,"featured_media":0,"parent":0,"menu_order":0,"comment_status":"closed","ping_status":"closed","template":"","meta":{"_uag_custom_page_level_css":"","site-sidebar-layout":"no-sidebar","site-content-layout":"plain-container","ast-site-content-layout":"normal-width-container","site-content-style":"unboxed","site-sidebar-style":"unboxed","ast-global-header-display":"","ast-banner-title-visibility":"","ast-main-header-display":"","ast-hfb-above-header-display":"","ast-hfb-below-header-display":"","ast-hfb-mobile-header-display":"","site-post-title":"disabled","ast-breadcrumbs-content":"","ast-featured-img":"disabled","footer-sml-layout":"","theme-transparent-header-meta":"enabled","adv-header-id-meta":"","stick-header-meta":"","header-above-stick-meta":"","header-main-stick-meta":"","header-below-stick-meta":"","astra-migrate-meta-layouts":"set","ast-page-background-enabled":"default","ast-page-background-meta":{"desktop":{"background-color":"","background-image":"","background-repeat":"repeat","background-position":"center center","background-size":"auto","background-attachment":"scroll","background-type":"","background-media":"","overlay-type":"","overlay-color":"","overlay-opacity":"","overlay-gradient":""},"tablet":{"background-color":"","background-image":"","background-repeat":"repeat","background-position":"center center","background-size":"auto","background-attachment":"scroll","background-type":"","background-media":"","overlay-type":"","overlay-color":"","overlay-opacity":"","overlay-gradient":""},"mobile":{"background-color":"","background-image":"","background-repeat":"repeat","background-position":"center center","background-size":"auto","background-attachment":"scroll","background-type":"","background-media":"","overlay-type":"","overlay-color":"","overlay-opacity":"","overlay-gradient":""}},"ast-content-background-meta":{"desktop":{"background-color":"var(--ast-global-color-5)","background-image":"","background-repeat":"repeat","background-position":"center center","background-size":"auto","background-attachment":"scroll","background-type":"","background-media":"","overlay-type":"","overlay-color":"","overlay-opacity":"","overlay-gradient":""},"tablet":{"background-color":"var(--ast-global-color-5)","background-image":"","background-repeat":"repeat","background-position":"center center","background-size":"auto","background-attachment":"scroll","background-type":"","background-media":"","overlay-type":"","overlay-color":"","overlay-opacity":"","overlay-gradient":""},"mobile":{"background-color":"var(--ast-global-color-5)","background-image":"","background-repeat":"repeat","background-position":"center center","background-size":"auto","background-attachment":"scroll","background-type":"","background-media":"","overlay-type":"","overlay-color":"","overlay-opacity":"","overlay-gradient":""}},"footnotes":""},"class_list":["post-11","page","type-page","status-publish","hentry"],"uagb_featured_image_src":{"full":false,"thumbnail":false,"medium":false,"medium_large":false,"large":false,"1536x1536":false,"2048x2048":false,"trp-custom-language-flag":false},"uagb_author_info":{"display_name":"admin","author_link":"https:\/\/velanova-energy.com\/es\/author\/admin\/"},"uagb_comment_info":0,"uagb_excerpt":"Case Studies Luctus nec ullamcorper mattis, pulvinar dapibus leo.&nbsp;Proin gravida nibh vel velit auctor aliquet\u200b Luctus nec ullamcorper mattis, pulvinar dapibus leo.&nbsp;Proin gravida nibh vel velit auctor aliquet\u200b Luctus nec ullamcorper mattis, pulvinar dapibus leo.&nbsp;Proin gravida nibh vel velit auctor aliquet\u200b Luctus nec ullamcorper mattis, pulvinar dapibus leo.&nbsp;Proin gravida nibh vel velit auctor aliquet\u200b Luctus&hellip;","_links":{"self":[{"href":"https:\/\/velanova-energy.com\/es\/wp-json\/wp\/v2\/pages\/11","targetHints":{"allow":["GET"]}}],"collection":[{"href":"https:\/\/velanova-energy.com\/es\/wp-json\/wp\/v2\/pages"}],"about":[{"href":"https:\/\/velanova-energy.com\/es\/wp-json\/wp\/v2\/types\/page"}],"author":[{"embeddable":true,"href":"https:\/\/velanova-energy.com\/es\/wp-json\/wp\/v2\/users\/1"}],"replies":[{"embeddable":true,"href":"https:\/\/velanova-energy.com\/es\/wp-json\/wp\/v2\/comments?post=11"}],"version-history":[{"count":50,"href":"https:\/\/velanova-energy.com\/es\/wp-json\/wp\/v2\/pages\/11\/revisions"}],"predecessor-version":[{"id":850,"href":"https:\/\/velanova-energy.com\/es\/wp-json\/wp\/v2\/pages\/11\/revisions\/850"}],"wp:attachment":[{"href":"https:\/\/velanova-energy.com\/es\/wp-json\/wp\/v2\/media?parent=11"}],"curies":[{"name":"wp","href":"https:\/\/api.w.org\/{rel}","templated":true}]}}