{"id":494,"date":"2024-11-10T23:47:43","date_gmt":"2024-11-10T23:47:43","guid":{"rendered":"http:\/\/velanova-energy.com\/home\/"},"modified":"2025-02-22T22:29:14","modified_gmt":"2025-02-22T22:29:14","slug":"home","status":"publish","type":"page","link":"https:\/\/velanova-energy.com\/es\/","title":{"rendered":"Inicio"},"content":{"rendered":"<div class=\"wp-block-uagb-container uagb-block-b4bdb975 alignfull uagb-is-root-container\"><div class=\"uagb-container-inner-blocks-wrap\">\n<div class=\"wp-block-uagb-info-box uagb-block-3b7e0e21 uagb-infobox__content-wrap  uagb-infobox-icon-above-title uagb-infobox-image-valign-top\"><div class=\"uagb-ifb-content\"><div class=\"uagb-ifb-title-wrap\"><h1 class=\"uagb-ifb-title-prefix\">energ\u00eda simplificada<\/h1><h3 class=\"uagb-ifb-title\">Velanova Energy<br>Guiados por la Inteligencia, Impulsados por la Innovaci\u00f3n<\/h3><\/div><\/div><\/div>\n\n\n      \n\t\t\t<div class=\"uagb-icon-wrapper uagb-block-62f0ec94\"\t>\n\t\t\t\t\t\t\t\t\t<span class=\"uagb-svg-wrapper\" \n\t\t\t\t\t aria-label=\"abajo-largo\"\t\t\t\t\ttabindex=\"0\">\t\t\n\t\t\t\t\t\t\t\t\t\t<svg xmlns=\"https:\/\/www.w3.org\/2000\/svg\" viewbox= \"0 0 320 512\" role=\"graphics-symbol\" aria-hidden=\"false\" aria-label=\"\"><path d=\"M281.6 392.3l-104 112.1c-9.498 10.24-25.69 10.24-35.19 0l-104-112.1c-6.484-6.992-8.219-17.18-4.404-25.94c3.811-8.758 12.45-14.42 21.1-14.42H128V32c0-17.69 14.33-32 32-32S192 14.31 192 32v319.9h72c9.547 0 18.19 5.66 22 14.42C289.8 375.1 288.1 385.3 281.6 392.3z\"><\/path><\/svg>\n\t\t\t\t\t\t\t\t\t<\/span>\n\t\t\t\t\t\t\t<\/div>\n\t\t\t<\/div><\/div>\n\n\n\n<div class=\"wp-block-uagb-container uagb-block-a9605dcc alignfull uagb-is-root-container\"><div class=\"uagb-container-inner-blocks-wrap\">\n<div class=\"wp-block-uagb-info-box uagb-block-04f073f9 uagb-infobox__content-wrap  uagb-infobox-icon-above-title uagb-infobox-image-valign-top\"><div class=\"uagb-ifb-content\"><div class=\"uagb-ifb-title-wrap\"><h5 class=\"uagb-ifb-title-prefix\">Acerca De Nosotros<\/h5><h2 class=\"uagb-ifb-title\">Somos un equipo de profesionales con m\u00e1s de 40 a\u00f1os de experiencia combinada...<\/h2><\/div><p class=\"uagb-ifb-desc\">Tanto en los Estados Unidos y M\u00e9xico, specializada en brokerage de electricidad en colaboraci\u00f3n con Diversegy.<br><br>Nos enfocamos principalmente en los mercados industrial y comercial, buscando siempre impulsar el \u00e9xito de los negocios de nuestros clientes<\/p><div class=\"uagb-ifb-button-wrapper wp-block-button\"><a href=\"\/es\/about\/\" class=\"uagb-infobox-cta-link wp-block-button__link\" target=\"_self\" rel=\"noopener noreferrer\" onclick=\"return true;\"><span class=\"uagb-inline-editing\">Aprender M\u00e1s<\/span><\/a><\/div><\/div><\/div>\n<\/div><\/div>\n\n\n\n<div class=\"wp-block-uagb-container uagb-layout-grid uagb-block-00d4defe alignfull uagb-is-root-container\"><div class=\"uagb-container-inner-blocks-wrap\">\n<div class=\"wp-block-uagb-container uagb-block-0ff6e26b\">\n<div class=\"wp-block-uagb-info-box uagb-block-a18047a9 uagb-infobox__content-wrap  uagb-infobox-icon-above-title uagb-infobox-image-valign-top\"><div class=\"uagb-ifb-content\"><div class=\"uagb-ifb-title-wrap\"><h5 class=\"uagb-ifb-title-prefix\">Nuestros Servicios<\/h5><h3 class=\"uagb-ifb-title\">Velanova Energy, le acompa\u00f1a a lo largo del complejo mercado de energ\u00eda para identificar la soluci\u00f3n m\u00e1s adecuada a sus necesidades:<\/h3><\/div><div class=\"uagb-ifb-separator\"><\/div><\/div><\/div>\n\n\n\n<div class=\"wp-block-uagb-info-box uagb-block-65e4fed4 uagb-infobox__content-wrap  uagb-infobox-icon-above-title uagb-infobox-image-valign-top\"><div class=\"uagb-ifb-content\"><div class=\"uagb-ifb-title-wrap\"><h4 class=\"uagb-ifb-title\">El aprovechamiento de la experiencia<\/h4><\/div><p class=\"uagb-ifb-desc\">La utilizaci\u00f3n de nuestro profundo conocimiento de la industria para identificar y evaluar las mejores opciones adaptadas a sus necesidades espec\u00edficas.<\/p><div class=\"uagb-ifb-separator\"><\/div><\/div><\/div>\n\n\n\n<div class=\"wp-block-uagb-info-box uagb-block-354ed25d uagb-infobox__content-wrap  uagb-infobox-icon-above-title uagb-infobox-image-valign-top\"><div class=\"uagb-ifb-content\"><div class=\"uagb-ifb-title-wrap\"><h4 class=\"uagb-ifb-title\">Ofreciendo soluciones personalizadas<\/h4><\/div><p class=\"uagb-ifb-desc\">La personalizaci\u00f3n de las recomendaciones basadas en su uso de energ\u00eda de los patrones y preferencias.<\/p><div class=\"uagb-ifb-separator\"><\/div><\/div><\/div>\n\n\n\n<div class=\"wp-block-uagb-info-box uagb-block-7006b63e uagb-infobox__content-wrap  uagb-infobox-icon-above-title uagb-infobox-image-valign-top\"><div class=\"uagb-ifb-content\"><div class=\"uagb-ifb-title-wrap\"><h4 class=\"uagb-ifb-title\">Simplificaci\u00f3n de las opciones<\/h4><\/div><p class=\"uagb-ifb-desc\">La racionalizaci\u00f3n del proceso de selecci\u00f3n para tomar decisiones informadas f\u00e1cil y sencilla.<\/p><div class=\"uagb-ifb-separator\"><\/div><\/div><\/div>\n<\/div>\n\n\n\n<div class=\"wp-block-uagb-container uagb-block-88188b9e\">\n<div class=\"wp-block-uagb-info-box uagb-block-0757e6c4 uagb-infobox__content-wrap  uagb-infobox-icon-above-title uagb-infobox-image-valign-top\"><div class=\"uagb-ifb-content\"><div class=\"uagb-ifb-title-wrap\"><h4 class=\"uagb-ifb-title\">Garantizar precios transparentes<\/h4><\/div><p class=\"uagb-ifb-desc\">Proporcionar informaci\u00f3n clara y sencilla sobre los precios y los t\u00e9rminos del contrato para evitar costos ocultos y sorpresas.<\/p><div class=\"uagb-ifb-separator\"><\/div><\/div><\/div>\n\n\n\n<div class=\"wp-block-uagb-info-box uagb-block-594eb511 uagb-infobox__content-wrap  uagb-infobox-icon-above-title uagb-infobox-image-valign-top\"><div class=\"uagb-ifb-content\"><div class=\"uagb-ifb-title-wrap\"><h4 class=\"uagb-ifb-title\">Retroalimentaci\u00f3n y seguimiento<\/h4><\/div><p class=\"uagb-ifb-desc\">Nos monitor contrato de resultados y gestionar la renovaci\u00f3n o el cambio de su plan o Proveedor Minorista de Energ\u00eda (REP), seg\u00fan sea necesario.<\/p><div class=\"uagb-ifb-separator\"><\/div><\/div><\/div>\n\n\n\n<div class=\"wp-block-uagb-info-box uagb-block-038e4f59 uagb-infobox__content-wrap  uagb-infobox-icon-above-title uagb-infobox-image-valign-top\"><div class=\"uagb-ifb-content\"><div class=\"uagb-ifb-title-wrap\"><h2 class=\"uagb-ifb-title\">El \u00fanico lugar donde Usted obtendr\u00e1 la soluci\u00f3n perfecta para todas sus necesidades de la industria.<\/h2><\/div><div class=\"uagb-ifb-button-wrapper wp-block-button\"><a href=\"\/es\/our-approach\/\" class=\"uagb-infobox-cta-link wp-block-button__link\" target=\"_self\" rel=\"noopener noreferrer\" onclick=\"return true;\"><span class=\"uagb-inline-editing\">Aprender M\u00e1s<\/span><\/a><\/div><\/div><\/div>\n<\/div>\n<\/div><\/div>\n\n\n\n<div class=\"wp-block-uagb-container uagb-block-2658a530 alignfull uagb-is-root-container\"><div class=\"uagb-container-inner-blocks-wrap\">\n<div class=\"wp-block-uagb-info-box uagb-block-4fcae268 uagb-infobox__content-wrap  uagb-infobox-icon-above-title uagb-infobox-image-valign-top\"><div class=\"uagb-ifb-content\"><div class=\"uagb-ifb-title-wrap\"><h5 class=\"uagb-ifb-title-prefix\">Nuestros Casos de Estudios<\/h5><h2 class=\"uagb-ifb-title\">Encontrar el Match Perfecto en Energ\u00eda para Sus Necesidades!<\/h2><\/div><\/div><\/div>\n\n\n\n<div class=\"wp-block-uagb-container uagb-block-51af8b82\">\n<div class=\"wp-block-uagb-info-box uagb-block-f5073bc7 uagb-infobox__content-wrap  uagb-infobox-icon-above-title uagb-infobox-image-valign-top\"><div class=\"uagb-ifb-content\"><div class=\"uagb-ifb-image-content\"><img decoding=\"async\" src=\"http:\/\/velanova-energy.com\/wp-content\/uploads\/2024\/11\/home-case-1.jpg\" alt=\"\" width=\"\" height=\"0\" loading=\"lazy\"\/><\/div><div class=\"uagb-ifb-title-wrap\"><h4 class=\"uagb-ifb-title\">Complejo De Apartamentos<\/h4><\/div><p class=\"uagb-ifb-desc\">El cliente fue expuesto a la volatilidad del mercado, flotando en un plan de tarifa variable para su suministro de electricidad. Diversegy entregan los siguientes resultados con los cuales obtendr\u00e1n el mejor camino...<\/p><div class=\"uagb-ifb-button-wrapper wp-block-button\"><a href=\".\/wp-content\/uploads\/2024\/12\/apartment_building_case_study.pdf\" class=\"uagb-infobox-cta-link ast-outline-button\" target=\"_self\" rel=\"noopener noreferrer\" style=\"border-width:revert-layer\" onclick=\"return true;\"><span class=\"uagb-inline-editing\">Leer M\u00e1s<\/span><svg xmlns=\"https:\/\/www.w3.org\/2000\/svg\" viewbox=\"0 0 512 512\"><path d=\"M504.3 273.6l-112.1 104c-6.992 6.484-17.18 8.218-25.94 4.406c-8.758-3.812-14.42-12.45-14.42-21.1L351.9 288H32C14.33 288 .0002 273.7 .0002 255.1S14.33 224 32 224h319.9l0-72c0-9.547 5.66-18.19 14.42-22c8.754-3.809 18.95-2.075 25.94 4.41l112.1 104C514.6 247.9 514.6 264.1 504.3 273.6z\"><\/path><\/svg><\/a><\/div><\/div><\/div>\n\n\n\n<div class=\"wp-block-uagb-info-box uagb-block-8366a9c1 uagb-infobox__content-wrap  uagb-infobox-icon-above-title uagb-infobox-image-valign-top\"><div class=\"uagb-ifb-content\"><div class=\"uagb-ifb-image-content\"><img decoding=\"async\" src=\"http:\/\/velanova-energy.com\/wp-content\/uploads\/2024\/11\/home-case-2.jpg\" alt=\"\" width=\"\" height=\"0\" loading=\"lazy\"\/><\/div><div class=\"uagb-ifb-title-wrap\"><h4 class=\"uagb-ifb-title\">Oficina Comercial<\/h4><\/div><p class=\"uagb-ifb-desc\">La oficina comercial de desarrollo estaba buscando caminos para reducir el costo de servicios p\u00fablicos SQFT en su reci\u00e9n adquirido edificio de oficinas. Diversegy fue capaz de entregar los siguientes resultados...<\/p><div class=\"uagb-ifb-button-wrapper wp-block-button\"><a href=\".\/wp-content\/uploads\/2024\/12\/commercial-building-case-study.pdf\" class=\"uagb-infobox-cta-link ast-outline-button\" target=\"_self\" rel=\"noopener noreferrer\" style=\"border-width:revert-layer\" onclick=\"return true;\"><span class=\"uagb-inline-editing\">Leer M\u00e1s<\/span><svg xmlns=\"https:\/\/www.w3.org\/2000\/svg\" viewbox=\"0 0 512 512\"><path d=\"M504.3 273.6l-112.1 104c-6.992 6.484-17.18 8.218-25.94 4.406c-8.758-3.812-14.42-12.45-14.42-21.1L351.9 288H32C14.33 288 .0002 273.7 .0002 255.1S14.33 224 32 224h319.9l0-72c0-9.547 5.66-18.19 14.42-22c8.754-3.809 18.95-2.075 25.94 4.41l112.1 104C514.6 247.9 514.6 264.1 504.3 273.6z\"><\/path><\/svg><\/a><\/div><\/div><\/div>\n\n\n\n<div class=\"wp-block-uagb-info-box uagb-block-f9a76582 uagb-infobox__content-wrap  uagb-infobox-icon-above-title uagb-infobox-image-valign-top\"><div class=\"uagb-ifb-content\"><div class=\"uagb-ifb-image-content\"><img decoding=\"async\" src=\"http:\/\/velanova-energy.com\/wp-content\/uploads\/2024\/11\/home-case-3.jpg\" alt=\"\" width=\"\" height=\"0\" loading=\"lazy\"\/><\/div><div class=\"uagb-ifb-title-wrap\"><h4 class=\"uagb-ifb-title\">Banco de Sangre<\/h4><\/div><p class=\"uagb-ifb-desc\">Asociado con nosotros para reducir los costos de energ\u00eda y de apoyo a los planes de expansi\u00f3n del uso intensivo de energ\u00eda por las instalaciones de almacenamiento en fr\u00edo.<\/p><div class=\"uagb-ifb-button-wrapper wp-block-button\"><a href=\".\/wp-content\/uploads\/2024\/12\/Blood-plasma-center-case-study.pdf\" class=\"uagb-infobox-cta-link ast-outline-button\" target=\"_self\" rel=\"noopener noreferrer\" style=\"border-width:revert-layer\" onclick=\"return true;\"><span class=\"uagb-inline-editing\">Leer M\u00e1s<\/span><svg xmlns=\"https:\/\/www.w3.org\/2000\/svg\" viewbox=\"0 0 512 512\"><path d=\"M504.3 273.6l-112.1 104c-6.992 6.484-17.18 8.218-25.94 4.406c-8.758-3.812-14.42-12.45-14.42-21.1L351.9 288H32C14.33 288 .0002 273.7 .0002 255.1S14.33 224 32 224h319.9l0-72c0-9.547 5.66-18.19 14.42-22c8.754-3.809 18.95-2.075 25.94 4.41l112.1 104C514.6 247.9 514.6 264.1 504.3 273.6z\"><\/path><\/svg><\/a><\/div><\/div><\/div>\n<\/div>\n\n\n\n<div class=\"wp-block-uagb-buttons uagb-buttons__outer-wrap uagb-btn__default-btn uagb-btn-tablet__default-btn uagb-btn-mobile__default-btn uagb-block-76bfb2e1\"><div class=\"uagb-buttons__wrap uagb-buttons-layout-wrap\">\n<div class=\"wp-block-uagb-buttons-child uagb-buttons__outer-wrap uagb-block-486ff1ac wp-block-button\"><div class=\"uagb-button__wrapper\"><a class=\"uagb-buttons-repeater wp-block-button__link\" aria-label=\"\" href=\"\/es\/case-studies\/\" rel=\"follow noopener\" target=\"_self\" role=\"button\"><div class=\"uagb-button__link\">m\u00e1s casos<\/div><span class=\"uagb-button__icon uagb-button__icon-position-after\"><svg xmlns=\"https:\/\/www.w3.org\/2000\/svg\" viewbox=\"0 0 448 512\" aria-hidden=\"true\" focussable=\"false\"><path d=\"M432 256c0 17.69-14.33 32.01-32 32.01H256v144c0 17.69-14.33 31.99-32 31.99s-32-14.3-32-31.99v-144H48c-17.67 0-32-14.32-32-32.01s14.33-31.99 32-31.99H192v-144c0-17.69 14.33-32.01 32-32.01s32 14.32 32 32.01v144h144C417.7 224 432 238.3 432 256z\"><\/path><\/svg><\/span><\/a><\/div><\/div>\n<\/div><\/div>\n<\/div><\/div>\n\n\n\n<div class=\"wp-block-uagb-container uagb-layout-flex uagb-block-af5df69f alignfull uagb-is-root-container\"><div class=\"uagb-container-inner-blocks-wrap\">\n<div class=\"wp-block-uagb-call-to-action uagb-block-d83192c0 wp-block-button\"><div class=\"uagb-cta__wrap\"><h3 class=\"uagb-cta__title\">Necesita Ayuda con la m\u00e1s F\u00e1cil las Soluciones de la Energ\u00eda? Somos Expertos!<\/h3><p class=\"uagb-cta__desc\">Haga clic aqu\u00ed para cambiar este texto. Lorem ipsum dolor sit amet, consectetur adipiscing elit. Ut elit tellus, luctus nec ullamcorper mattis, pulvinar dapibus leo.<\/p><\/div><div class=\"uagb-cta__buttons\"><a href=\"\/es\/contact\/\" class=\"uagb-cta__button-link-wrapper wp-block-button__link\" target=\"_self\" rel=\"noopener noreferrer\">P\u00f3ngase En Contacto Con Nosotros<svg xmlns=\"https:\/\/www.w3.org\/2000\/svg\" viewbox=\"0 0 512 512\"><path d=\"M504.3 273.6l-112.1 104c-6.992 6.484-17.18 8.218-25.94 4.406c-8.758-3.812-14.42-12.45-14.42-21.1L351.9 288H32C14.33 288 .0002 273.7 .0002 255.1S14.33 224 32 224h319.9l0-72c0-9.547 5.66-18.19 14.42-22c8.754-3.809 18.95-2.075 25.94 4.41l112.1 104C514.6 247.9 514.6 264.1 504.3 273.6z\"><\/path><\/svg><\/a><\/div><\/div>\n<\/div><\/div>","protected":false},"excerpt":{"rendered":"","protected":false},"author":1,"featured_media":0,"parent":0,"menu_order":0,"comment_status":"closed","ping_status":"closed","template":"","meta":{"_uag_custom_page_level_css":"","site-sidebar-layout":"no-sidebar","site-content-layout":"plain-container","ast-site-content-layout":"normal-width-container","site-content-style":"unboxed","site-sidebar-style":"unboxed","ast-global-header-display":"","ast-banner-title-visibility":"","ast-main-header-display":"","ast-hfb-above-header-display":"","ast-hfb-below-header-display":"","ast-hfb-mobile-header-display":"","site-post-title":"disabled","ast-breadcrumbs-content":"","ast-featured-img":"disabled","footer-sml-layout":"","theme-transparent-header-meta":"enabled","adv-header-id-meta":"","stick-header-meta":"","header-above-stick-meta":"","header-main-stick-meta":"","header-below-stick-meta":"","astra-migrate-meta-layouts":"set","ast-page-background-enabled":"default","ast-page-background-meta":{"desktop":{"background-color":"","background-image":"","background-repeat":"repeat","background-position":"center center","background-size":"auto","background-attachment":"scroll","background-type":"","background-media":"","overlay-type":"","overlay-color":"","overlay-opacity":"","overlay-gradient":""},"tablet":{"background-color":"","background-image":"","background-repeat":"repeat","background-position":"center center","background-size":"auto","background-attachment":"scroll","background-type":"","background-media":"","overlay-type":"","overlay-color":"","overlay-opacity":"","overlay-gradient":""},"mobile":{"background-color":"","background-image":"","background-repeat":"repeat","background-position":"center center","background-size":"auto","background-attachment":"scroll","background-type":"","background-media":"","overlay-type":"","overlay-color":"","overlay-opacity":"","overlay-gradient":""}},"ast-content-background-meta":{"desktop":{"background-color":"var(--ast-global-color-5)","background-image":"","background-repeat":"repeat","background-position":"center center","background-size":"auto","background-attachment":"scroll","background-type":"","background-media":"","overlay-type":"","overlay-color":"","overlay-opacity":"","overlay-gradient":""},"tablet":{"background-color":"var(--ast-global-color-5)","background-image":"","background-repeat":"repeat","background-position":"center center","background-size":"auto","background-attachment":"scroll","background-type":"","background-media":"","overlay-type":"","overlay-color":"","overlay-opacity":"","overlay-gradient":""},"mobile":{"background-color":"var(--ast-global-color-5)","background-image":"","background-repeat":"repeat","background-position":"center center","background-size":"auto","background-attachment":"scroll","background-type":"","background-media":"","overlay-type":"","overlay-color":"","overlay-opacity":"","overlay-gradient":""}},"footnotes":""},"class_list":["post-494","page","type-page","status-publish","hentry"],"uagb_featured_image_src":{"full":false,"thumbnail":false,"medium":false,"medium_large":false,"large":false,"1536x1536":false,"2048x2048":false,"trp-custom-language-flag":false},"uagb_author_info":{"display_name":"admin","author_link":"https:\/\/velanova-energy.com\/es\/author\/admin\/"},"uagb_comment_info":0,"uagb_excerpt":null,"_links":{"self":[{"href":"https:\/\/velanova-energy.com\/es\/wp-json\/wp\/v2\/pages\/494","targetHints":{"allow":["GET"]}}],"collection":[{"href":"https:\/\/velanova-energy.com\/es\/wp-json\/wp\/v2\/pages"}],"about":[{"href":"https:\/\/velanova-energy.com\/es\/wp-json\/wp\/v2\/types\/page"}],"author":[{"embeddable":true,"href":"https:\/\/velanova-energy.com\/es\/wp-json\/wp\/v2\/users\/1"}],"replies":[{"embeddable":true,"href":"https:\/\/velanova-energy.com\/es\/wp-json\/wp\/v2\/comments?post=494"}],"version-history":[{"count":38,"href":"https:\/\/velanova-energy.com\/es\/wp-json\/wp\/v2\/pages\/494\/revisions"}],"predecessor-version":[{"id":855,"href":"https:\/\/velanova-energy.com\/es\/wp-json\/wp\/v2\/pages\/494\/revisions\/855"}],"wp:attachment":[{"href":"https:\/\/velanova-energy.com\/es\/wp-json\/wp\/v2\/media?parent=494"}],"curies":[{"name":"wp","href":"https:\/\/api.w.org\/{rel}","templated":true}]}}