{"id":495,"date":"2024-11-10T23:47:43","date_gmt":"2024-11-10T23:47:43","guid":{"rendered":"http:\/\/velanova-energy.com\/about\/"},"modified":"2025-01-20T02:53:14","modified_gmt":"2025-01-20T02:53:14","slug":"about","status":"publish","type":"page","link":"https:\/\/velanova-energy.com\/es\/about\/","title":{"rendered":"Acerca De Nosotros"},"content":{"rendered":"<div class=\"wp-block-uagb-container uagb-block-ea8750ae alignfull uagb-is-root-container\"><div class=\"uagb-container-inner-blocks-wrap\">\n<div class=\"wp-block-uagb-advanced-heading uagb-block-5d0596af\"><h1 class=\"uagb-heading-text\">Acerca De Nosotros<\/h1><\/div>\n<\/div><\/div>\n\n\n\n<div class=\"wp-block-uagb-container uag-hide-desktop uag-hide-tab uag-hide-mob uagb-layout-grid uagb-block-32e874b4 alignfull uagb-is-root-container\"><div class=\"uagb-container-inner-blocks-wrap\">\n<div class=\"wp-block-uagb-info-box uagb-block-fbae65f3 uagb-infobox__content-wrap  uagb-infobox-icon-below-title uagb-infobox-image-valign-top\"><div class=\"uagb-ifb-content\"><div class=\"uagb-ifb-title-wrap\"><h2 class=\"uagb-ifb-title\">La b\u00fasqueda de un ideal y la soluci\u00f3n \u00f3ptima es nuestra meta final!<\/h2><\/div><div class=\"uagb-ifb-image-content\"><img decoding=\"async\" src=\"http:\/\/velanova-energy.com\/wp-content\/uploads\/2024\/11\/diversegy_support.png\" alt=\"\" width=\"500\" height=\"234\" loading=\"lazy\"\/><\/div><\/div><\/div>\n\n\n\n<div class=\"wp-block-uagb-info-box uagb-block-54f3395c uagb-infobox__content-wrap  uagb-infobox-icon-above-title uagb-infobox-image-valign-top\"><div class=\"uagb-ifb-content\"><div class=\"uagb-ifb-title-wrap\"><h3 class=\"uagb-ifb-title\">Somos un equipo de profesionales con m\u00e1s de 40 a\u00f1os de experiencia combinada en el sector de la energ\u00eda en los Estados unidos y M\u00e9xico, especializada en electricidad de corretaje en colaboraci\u00f3n con Diversegy.<\/h3><\/div><p class=\"uagb-ifb-desc\">Nos especializamos en el \u00e1rea industrial y comercial de los mercados en los Estados unidos, incluyendo el mercado Hispano, para impulsar el \u00e9xito de los negocios de nuestros clientes.<br><br>Operamos en 19 de la desregulaci\u00f3n de los estados de EE.UU. y mantener las licencias necesarias para servir a estos mercados.<\/p><\/div><\/div>\n<\/div><\/div>\n\n\n\n<div class=\"wp-block-uagb-container uagb-layout-grid uagb-block-7e98dd3c alignfull uagb-is-root-container\"><div class=\"uagb-container-inner-blocks-wrap\">\n<div class=\"wp-block-uagb-info-box uagb-block-fc79f015 uagb-infobox__content-wrap  uagb-infobox-icon-above-title uagb-infobox-image-valign-top wp-block-uagb-info-box--has-margin\"><div class=\"uagb-infobox-margin-wrapper\"><div class=\"uagb-ifb-content\"><div class=\"uagb-ifb-title-wrap\"><h3 class=\"uagb-ifb-title\">Perfecta Soluci\u00f3n de Energ\u00eda para Su Negocio<\/h3><\/div><p class=\"uagb-ifb-desc\">Con m\u00e1s de 40 a\u00f1os de experiencia combinada en el sector energ\u00e9tico en los EE. UU. y M\u00e9xico, Velanova Energy simplifica la gesti\u00f3n energ\u00e9tica. En asociaci\u00f3n con Diversegy, un l\u00edder confiable en soluciones energ\u00e9ticas, brindamos servicios de intermediaci\u00f3n energ\u00e9tica m\u00e1s inteligentes, sin complicaciones.<br><br>Nos enfocamos en ayudar a las empresas industriales y comerciales a prosperar al ofrecer soluciones energ\u00e9ticas rentables y sin inconvenientes. Operando en 19 estados desregulados, estamos plenamente autorizados para brindar servicios personalizados que le ahorran dinero y agilizan sus operaciones.<br><br>Deje que Velanova Energy elimine la complejidad del mercado energ\u00e9tico y lo gu\u00ede hacia las mejores soluciones para un \u00e9xito duradero.<\/p><\/div><\/div><\/div>\n\n\n\n<figure class=\"wp-block-image size-large\"><img loading=\"lazy\" decoding=\"async\" width=\"1024\" height=\"838\" src=\"http:\/\/velanova-energy.com\/wp-content\/uploads\/2024\/12\/DeregulatedMap_Color8_111516-1024x838.png\" alt=\"\" class=\"wp-image-717\" srcset=\"https:\/\/velanova-energy.com\/wp-content\/uploads\/2024\/12\/DeregulatedMap_Color8_111516-1024x838.png 1024w, https:\/\/velanova-energy.com\/wp-content\/uploads\/2024\/12\/DeregulatedMap_Color8_111516-300x246.png 300w, https:\/\/velanova-energy.com\/wp-content\/uploads\/2024\/12\/DeregulatedMap_Color8_111516-768x629.png 768w, https:\/\/velanova-energy.com\/wp-content\/uploads\/2024\/12\/DeregulatedMap_Color8_111516-1536x1257.png 1536w, https:\/\/velanova-energy.com\/wp-content\/uploads\/2024\/12\/DeregulatedMap_Color8_111516-2048x1676.png 2048w, https:\/\/velanova-energy.com\/wp-content\/uploads\/2024\/12\/DeregulatedMap_Color8_111516-15x12.png 15w\" sizes=\"auto, (max-width: 1024px) 100vw, 1024px\" \/><\/figure>\n<\/div><\/div>\n\n\n\n<div class=\"wp-block-uagb-container uagb-block-725202a4 alignfull uagb-is-root-container\"><div class=\"uagb-container-inner-blocks-wrap\"><\/div><\/div>\n\n\n\n<div class=\"wp-block-uagb-container uagb-block-6be40f00 alignfull uagb-is-root-container\"><div class=\"uagb-container-inner-blocks-wrap\"><h2 class=\"has-text-align-center wp-block-post-title\">Acerca De Nosotros<\/h2>\n\n\n<div class=\"wp-block-uagb-container uagb-layout-grid uagb-block-f4b0440c\">\n<div class=\"wp-block-uagb-info-box uagb-block-e7c5835b uagb-infobox__content-wrap  uagb-infobox-icon-above-title uagb-infobox-image-valign-top\"><div class=\"uagb-ifb-content\"><div class=\"uagb-ifb-title-wrap\"><h3 class=\"uagb-ifb-title\">Nuestros resultados hablan por s\u00ed mismos<\/h3><\/div><\/div><\/div>\n\n\n\n<div class=\"wp-block-uagb-counter uagb-block-24a0b4ad wp-block-uagb-counter--number\"><div class=\"wp-block-uagb-counter__number\"><span class=\"uagb-counter-block-number\" data-duration=\"2\" data-to-value=\"60\" data-from-value=\"0\" data-delimiter=\",\"><\/span><span class=\"wp-block-uagb-counter__icon\"><svg xmlns=\"https:\/\/www.w3.org\/2000\/svg\" viewbox=\"0 0 448 512\"><path d=\"M432 256c0 17.69-14.33 32.01-32 32.01H256v144c0 17.69-14.33 31.99-32 31.99s-32-14.3-32-31.99v-144H48c-17.67 0-32-14.32-32-32.01s14.33-31.99 32-31.99H192v-144c0-17.69 14.33-32.01 32-32.01s32 14.32 32 32.01v144h144C417.7 224 432 238.3 432 256z\"><\/path><\/svg><\/span><\/div><div class=\"wp-block-uagb-counter__title\">PROVEEDORES DE ENERG\u00cdA<\/div><\/div>\n\n\n\n<div class=\"wp-block-uagb-counter uagb-block-14824e59 wp-block-uagb-counter--number\"><div class=\"wp-block-uagb-counter__number\"><span class=\"uagb-counter-block-number\" data-duration=\"2\" data-to-value=\"442\" data-from-value=\"0\" data-delimiter=\",\"><\/span><\/div><div class=\"wp-block-uagb-counter__title\">MILES DE CLIENTES<\/div><\/div>\n\n\n\n<div class=\"wp-block-uagb-counter uagb-block-604bbe6f wp-block-uagb-counter--number\"><div class=\"wp-block-uagb-counter__number\"><span class=\"uagb-counter-block-number\" data-duration=\"2\" data-to-value=\"558\" data-from-value=\"0\" data-delimiter=\",\"><\/span><\/div><div class=\"wp-block-uagb-counter__title\">MILES DE METROS<\/div><\/div>\n<\/div>\n\n\n\n<div class=\"wp-block-uagb-advanced-heading uagb-block-8e598847\"><h3 class=\"uagb-heading-text\">La calidad es lo primero. Cada servicio que ofrecemos est\u00e1 respaldado por nuestro compromiso con la excelencia, asegurando un 100% de satisfacci\u00f3n garantizada.<\/h3><\/div>\n\n\n\n<div class=\"wp-block-uagb-container red uagb-layout-grid uagb-block-2b8639e4\">\n<figure class=\"wp-block-image size-full\"><img loading=\"lazy\" decoding=\"async\" width=\"1707\" height=\"2560\" src=\"http:\/\/velanova-energy.com\/wp-content\/uploads\/2025\/01\/pexels-visualsbyvishal-3534471-2-scaled.jpg\" alt=\"\" class=\"wp-image-822\" style=\"aspect-ratio:3\/4;object-fit:cover\" srcset=\"https:\/\/velanova-energy.com\/wp-content\/uploads\/2025\/01\/pexels-visualsbyvishal-3534471-2-scaled.jpg 1707w, https:\/\/velanova-energy.com\/wp-content\/uploads\/2025\/01\/pexels-visualsbyvishal-3534471-2-200x300.jpg 200w, https:\/\/velanova-energy.com\/wp-content\/uploads\/2025\/01\/pexels-visualsbyvishal-3534471-2-683x1024.jpg 683w, https:\/\/velanova-energy.com\/wp-content\/uploads\/2025\/01\/pexels-visualsbyvishal-3534471-2-768x1152.jpg 768w\" sizes=\"auto, (max-width: 1707px) 100vw, 1707px\" \/><\/figure>\n\n\n\n<div class=\"wp-block-uagb-advanced-heading uagb-block-b946363e\"><h3 class=\"uagb-heading-text\">Mejores Soluciones<\/h3><br><p class=\"uagb-desc-text\">Basados \u200b\u200ben nuestra experiencia y conocimiento en el sector energ\u00e9tico, queremos ser tu aliado para ayudarte a navegar las complejas y turbulentas aguas del mercado y encontrar la soluci\u00f3n perfecta a tus necesidades.<\/p><br><br><h3 class=\"uagb-heading-text\">Diagn\u00f3stico sin complicaciones ni costos<\/h3><br><p class=\"uagb-desc-text\">En base a los acuerdos que tenemos con los diferentes REPs, nuestro negocio es brindarle la mejor soluci\u00f3n sin complicaciones y sin costo para Usted.<\/p><\/div>\n\n\n\n<div class=\"wp-block-uagb-info-box uagb-block-77a9a398 uagb-infobox__content-wrap  uagb-infobox-icon-below-title uagb-infobox-image-valign-top wp-block-uagb-info-box--has-margin\"><div class=\"uagb-infobox-margin-wrapper\"><div class=\"uagb-ifb-content\"><div class=\"uagb-ifb-title-wrap\"><h2 class=\"uagb-ifb-title\">Usted Puede Confiar En Nosotros Para Una Soluci\u00f3n Perfecta Para Todas Sus Necesidades De Energ\u00eda.<\/h2><\/div><div class=\"uagb-ifb-image-content\"><img decoding=\"async\" src=\"http:\/\/velanova-energy.com\/wp-content\/uploads\/2025\/01\/about_us_100_satisfaction_sf.png\" alt=\"\" width=\"\" height=\"0\" loading=\"lazy\"\/><\/div><\/div><\/div><\/div>\n<\/div>\n<\/div><\/div>\n\n\n\n<div class=\"wp-block-uagb-container uagb-layout-flex uagb-block-af5df69f alignfull uagb-is-root-container\"><div class=\"uagb-container-inner-blocks-wrap\">\n<div class=\"wp-block-uagb-call-to-action uagb-block-d83192c0 wp-block-button\"><div class=\"uagb-cta__wrap\"><h3 class=\"uagb-cta__title\">Necesita Ayuda con Soluciones F\u00e1ciles en Energ\u00eda? Somos Expertos<\/h3><p class=\"uagb-cta__desc\">Haga clic aqu\u00ed para cambiar este texto. Lorem ipsum dolor sit amet, consectetur adipiscing elit. Ut elit tellus, luctus nec ullamcorper mattis, pulvinar dapibus leo.<\/p><\/div><div class=\"uagb-cta__buttons\"><a href=\"..\/contact\" class=\"uagb-cta__button-link-wrapper wp-block-button__link\" target=\"_self\" rel=\"noopener noreferrer\">Aprender M\u00e1s<\/a><\/div><\/div>\n<\/div><\/div>","protected":false},"excerpt":{"rendered":"<p>About Us Quality comes first! Every service we provide is backed by our commitment to excellence, ensuring 100% satisfaction-guaranteed. Best Solutions Based on our experience and knowledge in the energy sector, we want to be your ally to help you navigate the complex and turbulent waters of the market and find the perfect solution to [&hellip;]<\/p>","protected":false},"author":1,"featured_media":0,"parent":0,"menu_order":0,"comment_status":"closed","ping_status":"closed","template":"","meta":{"_uag_custom_page_level_css":".red{\n\tborder: solid red 2px;\n}","site-sidebar-layout":"no-sidebar","site-content-layout":"plain-container","ast-site-content-layout":"normal-width-container","site-content-style":"unboxed","site-sidebar-style":"unboxed","ast-global-header-display":"","ast-banner-title-visibility":"","ast-main-header-display":"","ast-hfb-above-header-display":"","ast-hfb-below-header-display":"","ast-hfb-mobile-header-display":"","site-post-title":"disabled","ast-breadcrumbs-content":"","ast-featured-img":"disabled","footer-sml-layout":"","theme-transparent-header-meta":"enabled","adv-header-id-meta":"","stick-header-meta":"","header-above-stick-meta":"","header-main-stick-meta":"","header-below-stick-meta":"","astra-migrate-meta-layouts":"set","ast-page-background-enabled":"default","ast-page-background-meta":{"desktop":{"background-color":"","background-image":"","background-repeat":"repeat","background-position":"center center","background-size":"auto","background-attachment":"scroll","background-type":"","background-media":"","overlay-type":"","overlay-color":"","overlay-opacity":"","overlay-gradient":""},"tablet":{"background-color":"","background-image":"","background-repeat":"repeat","background-position":"center center","background-size":"auto","background-attachment":"scroll","background-type":"","background-media":"","overlay-type":"","overlay-color":"","overlay-opacity":"","overlay-gradient":""},"mobile":{"background-color":"","background-image":"","background-repeat":"repeat","background-position":"center center","background-size":"auto","background-attachment":"scroll","background-type":"","background-media":"","overlay-type":"","overlay-color":"","overlay-opacity":"","overlay-gradient":""}},"ast-content-background-meta":{"desktop":{"background-color":"var(--ast-global-color-5)","background-image":"","background-repeat":"repeat","background-position":"center center","background-size":"auto","background-attachment":"scroll","background-type":"","background-media":"","overlay-type":"","overlay-color":"","overlay-opacity":"","overlay-gradient":""},"tablet":{"background-color":"var(--ast-global-color-5)","background-image":"","background-repeat":"repeat","background-position":"center center","background-size":"auto","background-attachment":"scroll","background-type":"","background-media":"","overlay-type":"","overlay-color":"","overlay-opacity":"","overlay-gradient":""},"mobile":{"background-color":"var(--ast-global-color-5)","background-image":"","background-repeat":"repeat","background-position":"center center","background-size":"auto","background-attachment":"scroll","background-type":"","background-media":"","overlay-type":"","overlay-color":"","overlay-opacity":"","overlay-gradient":""}},"footnotes":""},"class_list":["post-495","page","type-page","status-publish","hentry"],"uagb_featured_image_src":{"full":false,"thumbnail":false,"medium":false,"medium_large":false,"large":false,"1536x1536":false,"2048x2048":false,"trp-custom-language-flag":false},"uagb_author_info":{"display_name":"admin","author_link":"https:\/\/velanova-energy.com\/es\/author\/admin\/"},"uagb_comment_info":0,"uagb_excerpt":"About Us Quality comes first! Every service we provide is backed by our commitment to excellence, ensuring 100% satisfaction-guaranteed. Best Solutions Based on our experience and knowledge in the energy sector, we want to be your ally to help you navigate the complex and turbulent waters of the market and find the perfect solution to&hellip;","_links":{"self":[{"href":"https:\/\/velanova-energy.com\/es\/wp-json\/wp\/v2\/pages\/495","targetHints":{"allow":["GET"]}}],"collection":[{"href":"https:\/\/velanova-energy.com\/es\/wp-json\/wp\/v2\/pages"}],"about":[{"href":"https:\/\/velanova-energy.com\/es\/wp-json\/wp\/v2\/types\/page"}],"author":[{"embeddable":true,"href":"https:\/\/velanova-energy.com\/es\/wp-json\/wp\/v2\/users\/1"}],"replies":[{"embeddable":true,"href":"https:\/\/velanova-energy.com\/es\/wp-json\/wp\/v2\/comments?post=495"}],"version-history":[{"count":44,"href":"https:\/\/velanova-energy.com\/es\/wp-json\/wp\/v2\/pages\/495\/revisions"}],"predecessor-version":[{"id":835,"href":"https:\/\/velanova-energy.com\/es\/wp-json\/wp\/v2\/pages\/495\/revisions\/835"}],"wp:attachment":[{"href":"https:\/\/velanova-energy.com\/es\/wp-json\/wp\/v2\/media?parent=495"}],"curies":[{"name":"wp","href":"https:\/\/api.w.org\/{rel}","templated":true}]}}